{"id":35,"date":"2019-05-21T16:21:06","date_gmt":"2019-05-21T16:21:06","guid":{"rendered":"https:\/\/www.athenastudio.co\/themes\/angora-wp\/?page_id=35"},"modified":"2025-12-12T08:52:05","modified_gmt":"2025-12-12T07:52:05","slug":"kontakt","status":"publish","type":"page","link":"https:\/\/master-production.eu\/en\/kontakt\/","title":{"rendered":"Contact"},"content":{"rendered":"<div class=\"vc_row wpb_row vc_row-fluid\"><div class=\"wpb_column vc_column_container vc_col-sm-12\"><div class=\"vc_column-inner\"><div class=\"wpb_wrapper\"><div class=\"row\"><div class=\"col-md-8 col-md-offset-2 col-xs-12\"><div class=\"section-title  text-center\"><h2 data-bigletter=\"S\">Contact us<\/h2><hr><p><\/p>\n<p>&nbsp;<\/p>\n<p><\/p><\/div><\/div><\/div><\/div><\/div><\/div><\/div><div class=\"vc_row wpb_row vc_row-fluid\"><div class=\"res-margin wpb_column vc_column_container vc_col-sm-6\"><div class=\"vc_column-inner\"><div class=\"wpb_wrapper\">\n\t<div class=\"wpb_text_column wpb_content_element  contact-title\" >\n\t\t<div class=\"wpb_wrapper\">\n\t\t\t<h3>Contact us.<\/h3>\n\n\t\t<\/div>\n\t<\/div>\n<div class=\"contact-info\" ><div class=\"contact-content clearfix\">\r\n\t\t\t\t\t<div class=\"icon icon icon-basic-map\"><\/div><div class=\"contact-text\"><h4>Address:<\/h4><p><\/p>\n<p>Gori\u0161ka c. 75c, 5270 Ajdov\u0161\u010dina, Slovenija<\/p>\n<p><\/p><\/div>\r\n\t\t\t\t<\/div><div class=\"contact-content clearfix\">\r\n\t\t\t\t\t<div class=\"icon icon icon-basic-smartphone\"><\/div><div class=\"contact-text\"><h4>Phone:<\/h4><p><\/p>\n<p>+386 41 930 067<\/p>\n<p><\/p><\/div>\r\n\t\t\t\t<\/div><div class=\"contact-content clearfix\">\r\n\t\t\t\t\t<div class=\"icon icon icon-basic-mail\"><\/div><div class=\"contact-text\"><h4>E-mail:<\/h4><p><\/p>\n<p><a href=\"mailto:matej@master-production.eu\">matej@master-production.eu<\/a><\/p>\n<p><a href=\"mailto:ana@master-production.eu\">ana@master-production.eu<\/a><\/p>\n<p><\/p><\/div>\r\n\t\t\t\t<\/div><\/div><\/div><\/div><\/div><div class=\"wpb_column vc_column_container vc_col-sm-6\"><div class=\"vc_column-inner\"><div class=\"wpb_wrapper\">\n<div class=\"wpcf7 no-js\" id=\"wpcf7-f315-o1\" lang=\"en-US\" dir=\"ltr\" data-wpcf7-id=\"315\">\n<div class=\"screen-reader-response\"><p role=\"status\" aria-live=\"polite\" aria-atomic=\"true\"><\/p> <ul><\/ul><\/div>\n<form action=\"\/en\/wp-json\/wp\/v2\/pages\/35#wpcf7-f315-o1\" method=\"post\" class=\"wpcf7-form init\" aria-label=\"Contact form\" novalidate=\"novalidate\" data-status=\"init\" data-trp-original-action=\"\/en\/wp-json\/wp\/v2\/pages\/35#wpcf7-f315-o1\">\n<fieldset class=\"hidden-fields-container\"><input type=\"hidden\" name=\"_wpcf7\" value=\"315\" \/><input type=\"hidden\" name=\"_wpcf7_version\" value=\"6.1.4\" \/><input type=\"hidden\" name=\"_wpcf7_locale\" value=\"en_US\" \/><input type=\"hidden\" name=\"_wpcf7_unit_tag\" value=\"wpcf7-f315-o1\" \/><input type=\"hidden\" name=\"_wpcf7_container_post\" value=\"0\" \/><input type=\"hidden\" name=\"_wpcf7_posted_data_hash\" value=\"\" \/><input type=\"hidden\" name=\"_wpcf7_recaptcha_response\" value=\"\" \/>\n<\/fieldset>\n<div class=\"field\">\n\t<p><span class=\"wpcf7-form-control-wrap\" data-name=\"ime\"><input size=\"40\" maxlength=\"400\" class=\"wpcf7-form-control wpcf7-text wpcf7-validates-as-required\" aria-required=\"true\" aria-invalid=\"false\" placeholder=\"Name\" value=\"\" type=\"text\" name=\"ime\" \/><\/span>\n\t<\/p>\n<\/div>\n<div class=\"field\">\n\t<p><span class=\"wpcf7-form-control-wrap\" data-name=\"email\"><input size=\"40\" maxlength=\"400\" class=\"wpcf7-form-control wpcf7-email wpcf7-validates-as-required wpcf7-text wpcf7-validates-as-email\" aria-required=\"true\" aria-invalid=\"false\" placeholder=\"E-mail\" value=\"\" type=\"email\" name=\"email\" \/><\/span>\n\t<\/p>\n<\/div>\n<div class=\"field\">\n\t<p><span class=\"wpcf7-form-control-wrap\" data-name=\"zadeva\"><input size=\"40\" maxlength=\"400\" class=\"wpcf7-form-control wpcf7-text wpcf7-validates-as-required\" aria-required=\"true\" aria-invalid=\"false\" placeholder=\"Subject\" value=\"\" type=\"text\" name=\"zadeva\" \/><\/span>\n\t<\/p>\n<\/div>\n<div class=\"field\">\n\t<p><span class=\"wpcf7-form-control-wrap\" data-name=\"sporocilo\"><textarea cols=\"40\" rows=\"10\" maxlength=\"2000\" class=\"wpcf7-form-control wpcf7-textarea\" aria-invalid=\"false\" placeholder=\"Message\" name=\"sporocilo\"><\/textarea><\/span>\n\t<\/p>\n<\/div>\n<div>\n\t<p><input class=\"wpcf7-form-control wpcf7-submit has-spinner btn btn-default\" type=\"submit\" value=\"Send message\" \/>\n\t<\/p>\n<\/div><div class=\"wpcf7-response-output\" aria-hidden=\"true\"><\/div>\n<input type=\"hidden\" name=\"trp-form-language\" value=\"en\"\/><\/form>\n<\/div>\n<\/div><\/div><\/div><\/div><div class=\"vc_row wpb_row vc_row-fluid\"><div class=\"wpb_column vc_column_container vc_col-sm-12\"><div class=\"vc_column-inner\"><div class=\"wpb_wrapper\"><div class=\"vc_empty_space\"   style=\"height: 32px\"><span class=\"vc_empty_space_inner\"><\/span><\/div><\/div><\/div><\/div><\/div>","protected":false},"excerpt":{"rendered":"Stopite v stik &nbsp; Stopite v kontakt z nami. Naslov: Gori\u0161ka c. 75c, 5270 Ajdov\u0161\u010dina, Slovenija Telefon: +386 41 930 067 E-po\u0161ta: matej@master-production.eu ana@master-production.eu","protected":false},"author":1,"featured_media":0,"parent":0,"menu_order":0,"comment_status":"closed","ping_status":"closed","template":"","meta":{"footnotes":""},"class_list":["post-35","page","type-page","status-publish","hentry"],"yoast_head":"<!-- This site is optimized with the Yoast SEO plugin v26.6 - https:\/\/yoast.com\/wordpress\/plugins\/seo\/ -->\n<title>Kontakt - Master Production d.o.o.<\/title>\n<meta name=\"robots\" content=\"index, follow, max-snippet:-1, max-image-preview:large, max-video-preview:-1\" \/>\n<link rel=\"canonical\" href=\"https:\/\/master-production.eu\/en\/kontakt\/\" \/>\n<meta property=\"og:locale\" content=\"en_US\" \/>\n<meta property=\"og:type\" content=\"article\" \/>\n<meta property=\"og:title\" content=\"Kontakt - Master Production d.o.o.\" \/>\n<meta property=\"og:url\" content=\"https:\/\/master-production.eu\/en\/kontakt\/\" \/>\n<meta property=\"og:site_name\" content=\"Master Production d.o.o.\" \/>\n<meta property=\"article:modified_time\" content=\"2025-12-12T07:52:05+00:00\" \/>\n<meta name=\"twitter:card\" content=\"summary_large_image\" \/>\n<meta name=\"twitter:label1\" content=\"Est. reading time\" \/>\n\t<meta name=\"twitter:data1\" content=\"1 minute\" \/>\n<script type=\"application\/ld+json\" class=\"yoast-schema-graph\">{\"@context\":\"https:\/\/schema.org\",\"@graph\":[{\"@type\":\"WebPage\",\"@id\":\"https:\/\/master-production.eu\/kontakt\/\",\"url\":\"https:\/\/master-production.eu\/kontakt\/\",\"name\":\"Kontakt - Master Production d.o.o.\",\"isPartOf\":{\"@id\":\"https:\/\/master-production.eu\/#website\"},\"datePublished\":\"2019-05-21T16:21:06+00:00\",\"dateModified\":\"2025-12-12T07:52:05+00:00\",\"breadcrumb\":{\"@id\":\"https:\/\/master-production.eu\/kontakt\/#breadcrumb\"},\"inLanguage\":\"en-US\",\"potentialAction\":[{\"@type\":\"ReadAction\",\"target\":[\"https:\/\/master-production.eu\/kontakt\/\"]}]},{\"@type\":\"BreadcrumbList\",\"@id\":\"https:\/\/master-production.eu\/kontakt\/#breadcrumb\",\"itemListElement\":[{\"@type\":\"ListItem\",\"position\":1,\"name\":\"Home\",\"item\":\"https:\/\/master-production.eu\/\"},{\"@type\":\"ListItem\",\"position\":2,\"name\":\"Kontakt\"}]},{\"@type\":\"WebSite\",\"@id\":\"https:\/\/master-production.eu\/#website\",\"url\":\"https:\/\/master-production.eu\/\",\"name\":\"Master Production d.o.o.\",\"description\":\"\",\"potentialAction\":[{\"@type\":\"SearchAction\",\"target\":{\"@type\":\"EntryPoint\",\"urlTemplate\":\"https:\/\/master-production.eu\/?s={search_term_string}\"},\"query-input\":{\"@type\":\"PropertyValueSpecification\",\"valueRequired\":true,\"valueName\":\"search_term_string\"}}],\"inLanguage\":\"en-US\"}]}<\/script>\n<!-- \/ Yoast SEO plugin. -->","yoast_head_json":{"title":"Kontakt - Master Production d.o.o.","robots":{"index":"index","follow":"follow","max-snippet":"max-snippet:-1","max-image-preview":"max-image-preview:large","max-video-preview":"max-video-preview:-1"},"canonical":"https:\/\/master-production.eu\/en\/kontakt\/","og_locale":"en_US","og_type":"article","og_title":"Kontakt - Master Production d.o.o.","og_url":"https:\/\/master-production.eu\/en\/kontakt\/","og_site_name":"Master Production d.o.o.","article_modified_time":"2025-12-12T07:52:05+00:00","twitter_card":"summary_large_image","twitter_misc":{"Est. reading time":"1 minute"},"schema":{"@context":"https:\/\/schema.org","@graph":[{"@type":"WebPage","@id":"https:\/\/master-production.eu\/kontakt\/","url":"https:\/\/master-production.eu\/kontakt\/","name":"Kontakt - Master Production d.o.o.","isPartOf":{"@id":"https:\/\/master-production.eu\/#website"},"datePublished":"2019-05-21T16:21:06+00:00","dateModified":"2025-12-12T07:52:05+00:00","breadcrumb":{"@id":"https:\/\/master-production.eu\/kontakt\/#breadcrumb"},"inLanguage":"en-US","potentialAction":[{"@type":"ReadAction","target":["https:\/\/master-production.eu\/kontakt\/"]}]},{"@type":"BreadcrumbList","@id":"https:\/\/master-production.eu\/kontakt\/#breadcrumb","itemListElement":[{"@type":"ListItem","position":1,"name":"Home","item":"https:\/\/master-production.eu\/"},{"@type":"ListItem","position":2,"name":"Kontakt"}]},{"@type":"WebSite","@id":"https:\/\/master-production.eu\/#website","url":"https:\/\/master-production.eu\/","name":"Master Production d.o.o.","description":"","potentialAction":[{"@type":"SearchAction","target":{"@type":"EntryPoint","urlTemplate":"https:\/\/master-production.eu\/?s={search_term_string}"},"query-input":{"@type":"PropertyValueSpecification","valueRequired":true,"valueName":"search_term_string"}}],"inLanguage":"en-US"}]}},"_links":{"self":[{"href":"https:\/\/master-production.eu\/en\/wp-json\/wp\/v2\/pages\/35","targetHints":{"allow":["GET"]}}],"collection":[{"href":"https:\/\/master-production.eu\/en\/wp-json\/wp\/v2\/pages"}],"about":[{"href":"https:\/\/master-production.eu\/en\/wp-json\/wp\/v2\/types\/page"}],"author":[{"embeddable":true,"href":"https:\/\/master-production.eu\/en\/wp-json\/wp\/v2\/users\/1"}],"replies":[{"embeddable":true,"href":"https:\/\/master-production.eu\/en\/wp-json\/wp\/v2\/comments?post=35"}],"version-history":[{"count":16,"href":"https:\/\/master-production.eu\/en\/wp-json\/wp\/v2\/pages\/35\/revisions"}],"predecessor-version":[{"id":658,"href":"https:\/\/master-production.eu\/en\/wp-json\/wp\/v2\/pages\/35\/revisions\/658"}],"wp:attachment":[{"href":"https:\/\/master-production.eu\/en\/wp-json\/wp\/v2\/media?parent=35"}],"curies":[{"name":"wp","href":"https:\/\/api.w.org\/{rel}","templated":true}]}}