{"id":490,"date":"2022-08-05T15:27:34","date_gmt":"2022-08-05T13:27:34","guid":{"rendered":"https:\/\/master-production.eu\/?page_id=490"},"modified":"2023-04-22T14:58:18","modified_gmt":"2023-04-22T12:58:18","slug":"sistem-paletizacije","status":"publish","type":"page","link":"https:\/\/master-production.eu\/en\/sistem-paletizacije\/","title":{"rendered":"Palletizing systems"},"content":{"rendered":"<div class=\"vc_row wpb_row vc_row-fluid\"><div class=\"wpb_column vc_column_container vc_col-sm-6\"><div class=\"vc_column-inner\"><div class=\"wpb_wrapper\">\n\t<div class=\"wpb_text_column wpb_content_element\" >\n\t\t<div class=\"wpb_wrapper\">\n\t\t\t<p style=\"text-align: justify;\">Our client is a nutricosmetics manufacturer, to whom we automated the entire packaging process. We developed and produced tailor-made machine system, including a depalletizer (automatic bottle unscrambler), secondary packing system and cartooning line and robotization of palletizing process.<\/p>\n<p style=\"text-align: justify;\" class=\"translation-block\">The entire <strong>palletizing <\/strong>system is based around a KUKA robot, which can transfer up to <strong>3.000 boxes\/hour<\/strong> onto pallets. The equipment is installed on the output track of the cardboard bundler and allows for stacking two pallets up to 2000 mm in height. The packages are <strong>automatically stacked<\/strong> on two pallet positions, which assures continous and uninterrupted robotic operatons. The robotic cell is equipped with <strong>safety<\/strong> curtains that ensure safe operation during the changing of full pallet positions while in operation. While one pallet position is being stacked, the operator can open the doors of the other pallet position, remove the full pallet and place a new, empty pallet. Meanwhile, the robot continues stacking packages on the pallet position at a reduced speed. If the operator intervenes in the robot's operating area, the palletizing stops safely. The entire system meets high safety criteria, while also maximizing productivity.<\/p>\n<p style=\"text-align: justify;\"><strong>Looking for something similar?<\/strong><\/p>\n<p style=\"text-align: justify;\">Palletizing system can be entirelly adapted to the existing packaging or manufacturing processes and clients' needs. We provide:<\/p>\n<ul>\n<li>Robotic palletizing: using robots to pick up and place items onto the pallet in a specific pattern.<\/li>\n<li>Machines for linear product sorting enable automatic collection and sorting of products by levels, which are stacked on top of each other onto a pallet.<\/li>\n<li>(Automatic) pallet wrapper: machines that automatically wrap and secure the palletized items with stretch film or other materials.<\/li>\n<\/ul>\n<p style=\"text-align: justify;\">These systems can handle a wide range of products, sizes, and packaging types, and can be integrated with other production equipment to create a fully automated manufacturing line.<\/p>\n\n\t\t<\/div>\n\t<\/div>\n<\/div><\/div><\/div><div class=\"wpb_column vc_column_container vc_col-sm-6\"><div class=\"vc_column-inner\"><div class=\"wpb_wrapper\"><div class=\"wpb_gallery wpb_content_element vc_clearfix\" ><div class=\"wpb_wrapper\"><div class=\"wpb_gallery_slides wpb_flexslider flexslider_fade flexslider\" data-interval=\"5\" data-flex_fx=\"fade\"><ul class=\"slides\"><li><a class=\"\" href=\"https:\/\/master-production.eu\/wp-content\/uploads\/2023\/04\/Design_paletizacija.jpeg\" data-lightbox=\"lightbox[rel-490-2574449575]\"><img loading=\"lazy\" decoding=\"async\" width=\"750\" height=\"678\" src=\"https:\/\/master-production.eu\/wp-content\/uploads\/2023\/04\/Design_paletizacija.jpeg\" class=\"attachment-large\" alt=\"\" srcset=\"https:\/\/master-production.eu\/wp-content\/uploads\/2023\/04\/Design_paletizacija.jpeg 800w, https:\/\/master-production.eu\/wp-content\/uploads\/2023\/04\/Design_paletizacija-300x271.jpeg 300w, https:\/\/master-production.eu\/wp-content\/uploads\/2023\/04\/Design_paletizacija-768x694.jpeg 768w, https:\/\/master-production.eu\/wp-content\/uploads\/2023\/04\/Design_paletizacija-13x12.jpeg 13w\" sizes=\"auto, (max-width: 750px) 100vw, 750px\" \/><\/a><\/li><li><a class=\"\" href=\"https:\/\/master-production.eu\/wp-content\/uploads\/2023\/04\/Paletizacija1.jpg\" data-lightbox=\"lightbox[rel-490-2574449575]\"><img loading=\"lazy\" decoding=\"async\" width=\"750\" height=\"750\" src=\"https:\/\/master-production.eu\/wp-content\/uploads\/2023\/04\/Paletizacija1.jpg\" class=\"attachment-large\" alt=\"\" srcset=\"https:\/\/master-production.eu\/wp-content\/uploads\/2023\/04\/Paletizacija1.jpg 814w, https:\/\/master-production.eu\/wp-content\/uploads\/2023\/04\/Paletizacija1-300x300.jpg 300w, https:\/\/master-production.eu\/wp-content\/uploads\/2023\/04\/Paletizacija1-150x150.jpg 150w, https:\/\/master-production.eu\/wp-content\/uploads\/2023\/04\/Paletizacija1-768x768.jpg 768w, https:\/\/master-production.eu\/wp-content\/uploads\/2023\/04\/Paletizacija1-12x12.jpg 12w\" sizes=\"auto, (max-width: 750px) 100vw, 750px\" \/><\/a><\/li><\/ul><\/div><\/div><\/div><\/div><\/div><\/div><\/div>","protected":false},"excerpt":{"rendered":"Za proizvodno podjetje s podro\u010dja nutrikozmetike smo avtomatizirali proces pakiranja. Sestavlja ga sistem za depaletizacijo, sekundarno pakiranje, kartoniranje ter paletizacijo. Celoten sistem paletizacije je osnovan okrog KUKA robota, ki na palete prenese do 3.000 \u0161katel\/uro. Oprema je name\u0161\u010dena na izhodno progo zbirne kartonirke in omogo\u010da zlaganje dveh palet do vi\u0161ine 2000 mm. Paketi se avtomatsko [...]","protected":false},"author":1,"featured_media":0,"parent":0,"menu_order":0,"comment_status":"closed","ping_status":"closed","template":"","meta":{"footnotes":""},"class_list":["post-490","page","type-page","status-publish","hentry"],"yoast_head":"<!-- This site is optimized with the Yoast SEO plugin v26.6 - https:\/\/yoast.com\/wordpress\/plugins\/seo\/ -->\n<title>Sistemi paletizacije - Master Production d.o.o.<\/title>\n<meta name=\"robots\" content=\"index, follow, max-snippet:-1, max-image-preview:large, max-video-preview:-1\" \/>\n<link rel=\"canonical\" href=\"https:\/\/master-production.eu\/en\/sistem-paletizacije\/\" \/>\n<meta property=\"og:locale\" content=\"en_US\" \/>\n<meta property=\"og:type\" content=\"article\" \/>\n<meta property=\"og:title\" content=\"Sistemi paletizacije - Master Production d.o.o.\" \/>\n<meta property=\"og:url\" content=\"https:\/\/master-production.eu\/en\/sistem-paletizacije\/\" \/>\n<meta property=\"og:site_name\" content=\"Master Production d.o.o.\" \/>\n<meta property=\"article:modified_time\" content=\"2023-04-22T12:58:18+00:00\" \/>\n<meta name=\"twitter:card\" content=\"summary_large_image\" \/>\n<meta name=\"twitter:label1\" content=\"Est. reading time\" \/>\n\t<meta name=\"twitter:data1\" content=\"1 minute\" \/>\n<script type=\"application\/ld+json\" class=\"yoast-schema-graph\">{\"@context\":\"https:\/\/schema.org\",\"@graph\":[{\"@type\":\"WebPage\",\"@id\":\"https:\/\/master-production.eu\/sistem-paletizacije\/\",\"url\":\"https:\/\/master-production.eu\/sistem-paletizacije\/\",\"name\":\"Sistemi paletizacije - Master Production d.o.o.\",\"isPartOf\":{\"@id\":\"https:\/\/master-production.eu\/#website\"},\"datePublished\":\"2022-08-05T13:27:34+00:00\",\"dateModified\":\"2023-04-22T12:58:18+00:00\",\"breadcrumb\":{\"@id\":\"https:\/\/master-production.eu\/sistem-paletizacije\/#breadcrumb\"},\"inLanguage\":\"en-US\",\"potentialAction\":[{\"@type\":\"ReadAction\",\"target\":[\"https:\/\/master-production.eu\/sistem-paletizacije\/\"]}]},{\"@type\":\"BreadcrumbList\",\"@id\":\"https:\/\/master-production.eu\/sistem-paletizacije\/#breadcrumb\",\"itemListElement\":[{\"@type\":\"ListItem\",\"position\":1,\"name\":\"Home\",\"item\":\"https:\/\/master-production.eu\/\"},{\"@type\":\"ListItem\",\"position\":2,\"name\":\"Sistemi paletizacije\"}]},{\"@type\":\"WebSite\",\"@id\":\"https:\/\/master-production.eu\/#website\",\"url\":\"https:\/\/master-production.eu\/\",\"name\":\"Master Production d.o.o.\",\"description\":\"\",\"potentialAction\":[{\"@type\":\"SearchAction\",\"target\":{\"@type\":\"EntryPoint\",\"urlTemplate\":\"https:\/\/master-production.eu\/?s={search_term_string}\"},\"query-input\":{\"@type\":\"PropertyValueSpecification\",\"valueRequired\":true,\"valueName\":\"search_term_string\"}}],\"inLanguage\":\"en-US\"}]}<\/script>\n<!-- \/ Yoast SEO plugin. -->","yoast_head_json":{"title":"Sistemi paletizacije - Master Production d.o.o.","robots":{"index":"index","follow":"follow","max-snippet":"max-snippet:-1","max-image-preview":"max-image-preview:large","max-video-preview":"max-video-preview:-1"},"canonical":"https:\/\/master-production.eu\/en\/sistem-paletizacije\/","og_locale":"en_US","og_type":"article","og_title":"Sistemi paletizacije - Master Production d.o.o.","og_url":"https:\/\/master-production.eu\/en\/sistem-paletizacije\/","og_site_name":"Master Production d.o.o.","article_modified_time":"2023-04-22T12:58:18+00:00","twitter_card":"summary_large_image","twitter_misc":{"Est. reading time":"1 minute"},"schema":{"@context":"https:\/\/schema.org","@graph":[{"@type":"WebPage","@id":"https:\/\/master-production.eu\/sistem-paletizacije\/","url":"https:\/\/master-production.eu\/sistem-paletizacije\/","name":"Sistemi paletizacije - Master Production d.o.o.","isPartOf":{"@id":"https:\/\/master-production.eu\/#website"},"datePublished":"2022-08-05T13:27:34+00:00","dateModified":"2023-04-22T12:58:18+00:00","breadcrumb":{"@id":"https:\/\/master-production.eu\/sistem-paletizacije\/#breadcrumb"},"inLanguage":"en-US","potentialAction":[{"@type":"ReadAction","target":["https:\/\/master-production.eu\/sistem-paletizacije\/"]}]},{"@type":"BreadcrumbList","@id":"https:\/\/master-production.eu\/sistem-paletizacije\/#breadcrumb","itemListElement":[{"@type":"ListItem","position":1,"name":"Home","item":"https:\/\/master-production.eu\/"},{"@type":"ListItem","position":2,"name":"Sistemi paletizacije"}]},{"@type":"WebSite","@id":"https:\/\/master-production.eu\/#website","url":"https:\/\/master-production.eu\/","name":"Master Production d.o.o.","description":"","potentialAction":[{"@type":"SearchAction","target":{"@type":"EntryPoint","urlTemplate":"https:\/\/master-production.eu\/?s={search_term_string}"},"query-input":{"@type":"PropertyValueSpecification","valueRequired":true,"valueName":"search_term_string"}}],"inLanguage":"en-US"}]}},"_links":{"self":[{"href":"https:\/\/master-production.eu\/en\/wp-json\/wp\/v2\/pages\/490","targetHints":{"allow":["GET"]}}],"collection":[{"href":"https:\/\/master-production.eu\/en\/wp-json\/wp\/v2\/pages"}],"about":[{"href":"https:\/\/master-production.eu\/en\/wp-json\/wp\/v2\/types\/page"}],"author":[{"embeddable":true,"href":"https:\/\/master-production.eu\/en\/wp-json\/wp\/v2\/users\/1"}],"replies":[{"embeddable":true,"href":"https:\/\/master-production.eu\/en\/wp-json\/wp\/v2\/comments?post=490"}],"version-history":[{"count":11,"href":"https:\/\/master-production.eu\/en\/wp-json\/wp\/v2\/pages\/490\/revisions"}],"predecessor-version":[{"id":616,"href":"https:\/\/master-production.eu\/en\/wp-json\/wp\/v2\/pages\/490\/revisions\/616"}],"wp:attachment":[{"href":"https:\/\/master-production.eu\/en\/wp-json\/wp\/v2\/media?parent=490"}],"curies":[{"name":"wp","href":"https:\/\/api.w.org\/{rel}","templated":true}]}}