{"id":496,"date":"2022-08-05T15:29:14","date_gmt":"2022-08-05T13:29:14","guid":{"rendered":"https:\/\/master-production.eu\/?page_id=496"},"modified":"2023-04-12T20:58:33","modified_gmt":"2023-04-12T18:58:33","slug":"avtomatizacija","status":"publish","type":"page","link":"https:\/\/master-production.eu\/en\/avtomatizacija\/","title":{"rendered":"Automation of manufacturing process"},"content":{"rendered":"<div class=\"vc_row wpb_row vc_row-fluid\"><div class=\"wpb_column vc_column_container vc_col-sm-6\"><div class=\"vc_column-inner\"><div class=\"wpb_wrapper\">\n\t<div class=\"wpb_text_column wpb_content_element\" >\n\t\t<div class=\"wpb_wrapper\">\n\t\t\t<p style=\"text-align: justify;\" class=\"translation-block\">We have automated a part of the production process for our business partner, a company that manufactures medical devices. The machine enables <strong>automatic dosing of tubes on assembly line<\/strong>. The collaboration process started with the presentation of the client's needs and the conceptual design of possible solutions, as <strong>this type of solution was not offered on the market<\/strong>. We at Master Production found a creative solution, prepared the entire technical documentation, manufactured and precisely tested the machine, addressed pilot shortcomings, which was followed by the production of another machine with the same characteristics. After successful FAT, we assembled the machines in the customer's \"<strong>clean room<\/strong>\", successfully trained the operators, and thus completed the equipment takeover. We <strong>continue the automation processes<\/strong> with the client and provide them with full support in the future for replacing spare parts, addressing malfunctions, or other technical issues.<\/p>\n<p><strong>Do you want to automate your production processes?<\/strong><\/p>\n<p style=\"text-align: justify;\" class=\"translation-block\">Providers of mechanical equipment sometimes do not have a standard product that would adequately meet the needs of our clients, as these can be very diverse due to specific production processes. Designing and searching for non-existent solutions is our favorite part of our business because such projects showcase our strength the most - <strong>Master Production's solutions are usually extremely simple but used in a new, innovative way.<\/strong><\/p>\n<p>In the last year, we automated various production and packaging processes:<\/p>\n<ul>\n<li>Automation of the entire packaging process for a nutricosmetics client.<\/li>\n<li>Automation of manufacturing process in medical devices industry.<\/li>\n<li>Automation of manufacturing process in automotive industry.<\/li>\n<\/ul>\n<p>&nbsp;<\/p>\n<p>&nbsp;<\/p>\n<p>\u00a0<\/p>\n\n\t\t<\/div>\n\t<\/div>\n<\/div><\/div><\/div><div class=\"wpb_column vc_column_container vc_col-sm-6\"><div class=\"vc_column-inner\"><div class=\"wpb_wrapper\">\n\t<div  class=\"wpb_single_image wpb_content_element vc_align_left\">\n\t\t\n\t\t<figure class=\"wpb_wrapper vc_figure\">\n\t\t\t<div class=\"vc_single_image-wrapper   vc_box_border_grey\"><img loading=\"lazy\" decoding=\"async\" width=\"750\" height=\"750\" src=\"https:\/\/master-production.eu\/wp-content\/uploads\/2023\/04\/1670939989212_1-1024x1024.jpg\" class=\"vc_single_image-img attachment-large\" alt=\"\" srcset=\"https:\/\/master-production.eu\/wp-content\/uploads\/2023\/04\/1670939989212_1-1024x1024.jpg 1024w, https:\/\/master-production.eu\/wp-content\/uploads\/2023\/04\/1670939989212_1-300x300.jpg 300w, https:\/\/master-production.eu\/wp-content\/uploads\/2023\/04\/1670939989212_1-150x150.jpg 150w, https:\/\/master-production.eu\/wp-content\/uploads\/2023\/04\/1670939989212_1-768x768.jpg 768w, https:\/\/master-production.eu\/wp-content\/uploads\/2023\/04\/1670939989212_1-12x12.jpg 12w, https:\/\/master-production.eu\/wp-content\/uploads\/2023\/04\/1670939989212_1.jpg 1277w\" sizes=\"auto, (max-width: 750px) 100vw, 750px\" \/><\/div>\n\t\t<\/figure>\n\t<\/div>\n<\/div><\/div><\/div><\/div>","protected":false},"excerpt":{"rendered":"Za poslovnega partnerja, podjetje, ki se ukvarja z izdelavo medicinskih pripomo\u010dkov, smo avtomatizirali del proizvodnega procesa. Stroj omogo\u010da avtomatizirano zlaganje polizdelkov za nadaljnjo sestavo kon\u010dnega izdelka. Proces sodelovanja se je za\u010del s predstavitvijo potreb stranke in idejnim snovanjem mo\u017enih re\u0161itev, saj trg strojne opreme tovrstne re\u0161itve ni ponujal. V Master production smo poiskali kreativno re\u0161itev, [...]","protected":false},"author":1,"featured_media":0,"parent":0,"menu_order":0,"comment_status":"closed","ping_status":"closed","template":"","meta":{"footnotes":""},"class_list":["post-496","page","type-page","status-publish","hentry"],"yoast_head":"<!-- This site is optimized with the Yoast SEO plugin v26.6 - https:\/\/yoast.com\/wordpress\/plugins\/seo\/ -->\n<title>Avtomatizacija proizvodnega procesa - Master Production d.o.o.<\/title>\n<meta name=\"robots\" content=\"index, follow, max-snippet:-1, max-image-preview:large, max-video-preview:-1\" \/>\n<link rel=\"canonical\" href=\"https:\/\/master-production.eu\/en\/avtomatizacija\/\" \/>\n<meta property=\"og:locale\" content=\"en_US\" \/>\n<meta property=\"og:type\" content=\"article\" \/>\n<meta property=\"og:title\" content=\"Avtomatizacija proizvodnega procesa - Master Production d.o.o.\" \/>\n<meta property=\"og:url\" content=\"https:\/\/master-production.eu\/en\/avtomatizacija\/\" \/>\n<meta property=\"og:site_name\" content=\"Master Production d.o.o.\" \/>\n<meta property=\"article:modified_time\" content=\"2023-04-12T18:58:33+00:00\" \/>\n<meta name=\"twitter:card\" content=\"summary_large_image\" \/>\n<meta name=\"twitter:label1\" content=\"Est. reading time\" \/>\n\t<meta name=\"twitter:data1\" content=\"1 minute\" \/>\n<script type=\"application\/ld+json\" class=\"yoast-schema-graph\">{\"@context\":\"https:\/\/schema.org\",\"@graph\":[{\"@type\":\"WebPage\",\"@id\":\"https:\/\/master-production.eu\/avtomatizacija\/\",\"url\":\"https:\/\/master-production.eu\/avtomatizacija\/\",\"name\":\"Avtomatizacija proizvodnega procesa - Master Production d.o.o.\",\"isPartOf\":{\"@id\":\"https:\/\/master-production.eu\/#website\"},\"datePublished\":\"2022-08-05T13:29:14+00:00\",\"dateModified\":\"2023-04-12T18:58:33+00:00\",\"breadcrumb\":{\"@id\":\"https:\/\/master-production.eu\/avtomatizacija\/#breadcrumb\"},\"inLanguage\":\"en-US\",\"potentialAction\":[{\"@type\":\"ReadAction\",\"target\":[\"https:\/\/master-production.eu\/avtomatizacija\/\"]}]},{\"@type\":\"BreadcrumbList\",\"@id\":\"https:\/\/master-production.eu\/avtomatizacija\/#breadcrumb\",\"itemListElement\":[{\"@type\":\"ListItem\",\"position\":1,\"name\":\"Home\",\"item\":\"https:\/\/master-production.eu\/\"},{\"@type\":\"ListItem\",\"position\":2,\"name\":\"Avtomatizacija proizvodnega procesa\"}]},{\"@type\":\"WebSite\",\"@id\":\"https:\/\/master-production.eu\/#website\",\"url\":\"https:\/\/master-production.eu\/\",\"name\":\"Master Production d.o.o.\",\"description\":\"\",\"potentialAction\":[{\"@type\":\"SearchAction\",\"target\":{\"@type\":\"EntryPoint\",\"urlTemplate\":\"https:\/\/master-production.eu\/?s={search_term_string}\"},\"query-input\":{\"@type\":\"PropertyValueSpecification\",\"valueRequired\":true,\"valueName\":\"search_term_string\"}}],\"inLanguage\":\"en-US\"}]}<\/script>\n<!-- \/ Yoast SEO plugin. -->","yoast_head_json":{"title":"Avtomatizacija proizvodnega procesa - Master Production d.o.o.","robots":{"index":"index","follow":"follow","max-snippet":"max-snippet:-1","max-image-preview":"max-image-preview:large","max-video-preview":"max-video-preview:-1"},"canonical":"https:\/\/master-production.eu\/en\/avtomatizacija\/","og_locale":"en_US","og_type":"article","og_title":"Avtomatizacija proizvodnega procesa - Master Production d.o.o.","og_url":"https:\/\/master-production.eu\/en\/avtomatizacija\/","og_site_name":"Master Production d.o.o.","article_modified_time":"2023-04-12T18:58:33+00:00","twitter_card":"summary_large_image","twitter_misc":{"Est. reading time":"1 minute"},"schema":{"@context":"https:\/\/schema.org","@graph":[{"@type":"WebPage","@id":"https:\/\/master-production.eu\/avtomatizacija\/","url":"https:\/\/master-production.eu\/avtomatizacija\/","name":"Avtomatizacija proizvodnega procesa - Master Production d.o.o.","isPartOf":{"@id":"https:\/\/master-production.eu\/#website"},"datePublished":"2022-08-05T13:29:14+00:00","dateModified":"2023-04-12T18:58:33+00:00","breadcrumb":{"@id":"https:\/\/master-production.eu\/avtomatizacija\/#breadcrumb"},"inLanguage":"en-US","potentialAction":[{"@type":"ReadAction","target":["https:\/\/master-production.eu\/avtomatizacija\/"]}]},{"@type":"BreadcrumbList","@id":"https:\/\/master-production.eu\/avtomatizacija\/#breadcrumb","itemListElement":[{"@type":"ListItem","position":1,"name":"Home","item":"https:\/\/master-production.eu\/"},{"@type":"ListItem","position":2,"name":"Avtomatizacija proizvodnega procesa"}]},{"@type":"WebSite","@id":"https:\/\/master-production.eu\/#website","url":"https:\/\/master-production.eu\/","name":"Master Production d.o.o.","description":"","potentialAction":[{"@type":"SearchAction","target":{"@type":"EntryPoint","urlTemplate":"https:\/\/master-production.eu\/?s={search_term_string}"},"query-input":{"@type":"PropertyValueSpecification","valueRequired":true,"valueName":"search_term_string"}}],"inLanguage":"en-US"}]}},"_links":{"self":[{"href":"https:\/\/master-production.eu\/en\/wp-json\/wp\/v2\/pages\/496","targetHints":{"allow":["GET"]}}],"collection":[{"href":"https:\/\/master-production.eu\/en\/wp-json\/wp\/v2\/pages"}],"about":[{"href":"https:\/\/master-production.eu\/en\/wp-json\/wp\/v2\/types\/page"}],"author":[{"embeddable":true,"href":"https:\/\/master-production.eu\/en\/wp-json\/wp\/v2\/users\/1"}],"replies":[{"embeddable":true,"href":"https:\/\/master-production.eu\/en\/wp-json\/wp\/v2\/comments?post=496"}],"version-history":[{"count":10,"href":"https:\/\/master-production.eu\/en\/wp-json\/wp\/v2\/pages\/496\/revisions"}],"predecessor-version":[{"id":602,"href":"https:\/\/master-production.eu\/en\/wp-json\/wp\/v2\/pages\/496\/revisions\/602"}],"wp:attachment":[{"href":"https:\/\/master-production.eu\/en\/wp-json\/wp\/v2\/media?parent=496"}],"curies":[{"name":"wp","href":"https:\/\/api.w.org\/{rel}","templated":true}]}}