{"id":9,"date":"2019-05-21T14:58:58","date_gmt":"2019-05-21T14:58:58","guid":{"rendered":"https:\/\/www.athenastudio.co\/themes\/angora-wp\/?page_id=9"},"modified":"2023-01-31T19:37:57","modified_gmt":"2023-01-31T18:37:57","slug":"header-style-image-slideshow","status":"publish","type":"page","link":"https:\/\/master-production.eu\/en\/","title":{"rendered":"Prva stran"},"content":{"rendered":"<div class=\"vc_row wpb_row vc_row-fluid\"><div class=\"wpb_column vc_column_container vc_col-sm-12\"><div class=\"vc_column-inner\"><div class=\"wpb_wrapper\"><!-- Images list -->\r\n                       <div class=\"images-list\" data-delay=\"10\"><img decoding=\"async\" src=\"https:\/\/master-production.eu\/wp-content\/uploads\/2021\/09\/Zobniki-wide.jpg\" alt=\"slideshow-images\"><img decoding=\"async\" src=\"https:\/\/master-production.eu\/wp-content\/uploads\/2021\/09\/Zobniki-wide-1.jpg\" alt=\"slideshow-images\"><img decoding=\"async\" src=\"https:\/\/master-production.eu\/wp-content\/uploads\/2021\/09\/Zobniki-wide-2.jpg\" alt=\"slideshow-images\"><img decoding=\"async\" src=\"https:\/\/master-production.eu\/wp-content\/uploads\/2021\/09\/Zobniki-wide-3.jpg\" alt=\"slideshow-images\"><img decoding=\"async\" src=\"https:\/\/master-production.eu\/wp-content\/uploads\/2021\/09\/Zobniki-wide-4.jpg\" alt=\"slideshow-images\"><img decoding=\"async\" src=\"https:\/\/master-production.eu\/wp-content\/uploads\/2021\/09\/Zobniki-wide-5.jpg\" alt=\"slideshow-images\"><\/div><!-- Slide -->\r\n                <div class=\"single-slide\">\r\n                    <div class=\"row\">\r\n                        <div class=\"col-md-12\">\r\n                            <header>\r\n                                <h1 class=\"animate fadeInRight lowercase\"><\/p>\n<p>Machinery systems<\/p>\n<p><\/h1>\r\n                            <\/header>\r\n                        <\/div>\r\n                    <\/div>\r\n                <\/div><!-- Slide -->\r\n                <div class=\"single-slide\">\r\n                    <div class=\"row\">\r\n                        <div class=\"col-md-12\">\r\n                            <header>\r\n                                <h1 class=\"animate fadeInRight lowercase\"><\/p>\n<p>Automation in manufacturing<\/p>\n<p><\/h1>\r\n                            <\/header>\r\n                        <\/div>\r\n                    <\/div>\r\n                <\/div><!-- Slide -->\r\n                <div class=\"single-slide\">\r\n                    <div class=\"row\">\r\n                        <div class=\"col-md-12\">\r\n                            <header>\r\n                                <h1 class=\"animate fadeInRight lowercase\"><\/p>\n<p>Equipment optimisation<\/p>\n<p><\/h1>\r\n                            <\/header>\r\n                        <\/div>\r\n                    <\/div>\r\n                <\/div><!-- Slide -->\r\n                <div class=\"single-slide\">\r\n                    <div class=\"row\">\r\n                        <div class=\"col-md-12\">\r\n                            <header>\r\n                                <h1 class=\"animate fadeInRight lowercase\"><\/p>\n<p>Processing technology<\/p>\n<p><\/h1>\r\n                            <\/header>\r\n                        <\/div>\r\n                    <\/div>\r\n                <\/div><!-- Slide -->\r\n                <div class=\"single-slide\">\r\n                    <div class=\"row\">\r\n                        <div class=\"col-md-12\">\r\n                            <header>\r\n                                <h1 class=\"animate fadeInRight lowercase\"><\/p>\n<p>Design and engineering<\/p>\n<p><\/h1>\r\n                            <\/header>\r\n                        <\/div>\r\n                    <\/div>\r\n                <\/div><!-- Slide -->\r\n                <div class=\"single-slide\">\r\n                    <div class=\"row\">\r\n                        <div class=\"col-md-12\">\r\n                            <header>\r\n                                <h1 class=\"animate fadeInRight lowercase\"><\/p>\n<p>Technical consulting and project management<\/p>\n<p><\/h1>\r\n                            <\/header>\r\n                        <\/div>\r\n                    <\/div>\r\n                <\/div><!-- Arrows -->\r\n                    <a class=\"intro-arrow left\"><div class=\"icon icon-arrows-left\"><\/div><\/a>\r\n                    <a class=\"intro-arrow right\"><div class=\"icon icon-arrows-right\"><\/div><\/a><\/div><\/div><\/div><\/div><div data-vc-full-width=\"true\" data-vc-full-width-init=\"false\" data-vc-stretch-content=\"true\" class=\"vc_row wpb_row vc_row-fluid\"><div class=\"wpb_column vc_column_container vc_col-sm-12\"><div class=\"vc_column-inner\"><div class=\"wpb_wrapper\">\n\t\t\t<!-- START Slider 1 REVOLUTION SLIDER 6.6.8 --><p class=\"rs-p-wp-fix\"><\/p>\n\t\t\t<rs-module-wrap id=\"rev_slider_1_1_wrapper\" data-source=\"gallery\" style=\"visibility:hidden;background:transparent;padding:0;margin:0px auto;margin-top:0;margin-bottom:0;\">\n\t\t\t\t<rs-module id=\"rev_slider_1_1\" style=\"\" data-version=\"6.6.8\">\n\t\t\t\t\t<rs-slides style=\"overflow: hidden; position: absolute;\">\n\t\t\t\t\t\t<rs-slide style=\"position: absolute;\" data-key=\"rs-1\" data-title=\"Slide\" data-in=\"o:0;\" data-out=\"a:false;\">\n\t\t\t\t\t\t\t<img decoding=\"async\" src=\"\/\/master-production.eu\/wp-content\/plugins\/revslider\/public\/assets\/assets\/dummy.png\" alt=\"Slide\" title=\"Prva stran\" class=\"rev-slidebg tp-rs-img rs-lazyload\" data-lazyload=\"\/\/master-production.eu\/wp-content\/plugins\/revslider\/public\/assets\/assets\/transparent.png\" data-no-retina>\n<!--\n\t\t\t\t\t\t\t--><rs-layer\n\t\t\t\t\t\t\t\tid=\"slider-1-slide-1-layer-2\" \n\t\t\t\t\t\t\t\tclass=\"rs-layer-video intrinsic-ignore\"\n\t\t\t\t\t\t\t\tdata-type=\"video\"\n\t\t\t\t\t\t\t\tdata-rsp_ch=\"on\"\n\t\t\t\t\t\t\t\tdata-xy=\"x:-1px;y:-3px;\"\n\t\t\t\t\t\t\t\tdata-text=\"w:normal;\"\n\t\t\t\t\t\t\t\tdata-dim=\"w:1920px;h:1080px;\"\n\t\t\t\t\t\t\t\tdata-video=\"vfc:true;vd:100;l:false;ptimer:false;\"\n\t\t\t\t\t\t\t\tdata-poster=\"\/\/master-production.eu\/wp-content\/uploads\/revslider\/video-media\/Master-Production-Spletna-Stran_1_layer.jpeg\"\n\t\t\t\t\t\t\t\tdata-mp4=\"\/\/master-production.eu\/wp-content\/uploads\/2023\/01\/Master-Production-Spletna-Stran.mov\"\n\t\t\t\t\t\t\t\tdata-frame_999=\"o:0;st:w;\"\n\t\t\t\t\t\t\t\tstyle=\"z-index:5;\"\n\t\t\t\t\t\t\t>\n\t\t\t\t\t\t\t<\/rs-layer><!--\n-->\t\t\t\t\t\t<\/rs-slide>\n\t\t\t\t\t<\/rs-slides>\n\t\t\t\t<\/rs-module>\n\t\t\t\t<script>\n\t\t\t\t\tsetREVStartSize({c: 'rev_slider_1_1',rl:[1240,1024,778,480],el:[900],gw:[1240],gh:[900],type:'standard',justify:'',layout:'fullwidth',mh:\"0\"});if (window.RS_MODULES!==undefined && window.RS_MODULES.modules!==undefined && window.RS_MODULES.modules[\"revslider11\"]!==undefined) {window.RS_MODULES.modules[\"revslider11\"].once = false;window.revapi1 = undefined;if (window.RS_MODULES.checkMinimal!==undefined) window.RS_MODULES.checkMinimal()}\n\t\t\t\t<\/script>\n\t\t\t<\/rs-module-wrap>\n\t\t\t<!-- END REVOLUTION SLIDER -->\n<\/div><\/div><\/div><\/div><div class=\"vc_row-full-width vc_clearfix\"><\/div>","protected":false},"excerpt":{"rendered":"Stroji in strojni sestavi Avtomatizacija proizvodnje Optimizacija opreme Procesna tehnika Projektiranje in in\u017eeniring Tehni\u010dno svetovanje in vodenje projektov","protected":false},"author":1,"featured_media":0,"parent":0,"menu_order":0,"comment_status":"closed","ping_status":"closed","template":"templates\/front.php","meta":{"footnotes":""},"class_list":["post-9","page","type-page","status-publish","hentry"],"yoast_head":"<!-- This site is optimized with the Yoast SEO plugin v26.6 - https:\/\/yoast.com\/wordpress\/plugins\/seo\/ -->\n<title>Master Production d.o.o. - Strojni sestavi, avtomatizacija, projektiranje<\/title>\n<meta name=\"description\" content=\"Izdelava samostojnih strojev in sestavov, avtomatizacija, optimizacija, projektiranje in in\u017eeniring, tehni\u010dno svetovanje ter monta\u017ea in vzdr\u017eevanje.\" \/>\n<meta name=\"robots\" content=\"index, follow, max-snippet:-1, max-image-preview:large, max-video-preview:-1\" \/>\n<link rel=\"canonical\" href=\"https:\/\/master-production.eu\/en\/\" \/>\n<meta property=\"og:locale\" content=\"en_US\" \/>\n<meta property=\"og:type\" content=\"article\" \/>\n<meta property=\"og:title\" content=\"Master Production d.o.o. - Strojni sestavi, avtomatizacija, projektiranje\" \/>\n<meta property=\"og:description\" content=\"Izdelava samostojnih strojev in sestavov, avtomatizacija, optimizacija, projektiranje in in\u017eeniring, tehni\u010dno svetovanje ter monta\u017ea in vzdr\u017eevanje.\" \/>\n<meta property=\"og:url\" content=\"https:\/\/master-production.eu\/en\/\" \/>\n<meta property=\"og:site_name\" content=\"Master Production d.o.o.\" \/>\n<meta property=\"article:modified_time\" content=\"2023-01-31T18:37:57+00:00\" \/>\n<meta name=\"twitter:card\" content=\"summary_large_image\" \/>\n<meta name=\"twitter:label1\" content=\"Est. reading time\" \/>\n\t<meta name=\"twitter:data1\" content=\"1 minute\" \/>\n<script type=\"application\/ld+json\" class=\"yoast-schema-graph\">{\"@context\":\"https:\/\/schema.org\",\"@graph\":[{\"@type\":\"WebPage\",\"@id\":\"https:\/\/master-production.eu\/\",\"url\":\"https:\/\/master-production.eu\/\",\"name\":\"Master Production d.o.o. - Strojni sestavi, avtomatizacija, projektiranje\",\"isPartOf\":{\"@id\":\"https:\/\/master-production.eu\/#website\"},\"datePublished\":\"2019-05-21T14:58:58+00:00\",\"dateModified\":\"2023-01-31T18:37:57+00:00\",\"description\":\"Izdelava samostojnih strojev in sestavov, avtomatizacija, optimizacija, projektiranje in in\u017eeniring, tehni\u010dno svetovanje ter monta\u017ea in vzdr\u017eevanje.\",\"breadcrumb\":{\"@id\":\"https:\/\/master-production.eu\/#breadcrumb\"},\"inLanguage\":\"en-US\",\"potentialAction\":[{\"@type\":\"ReadAction\",\"target\":[\"https:\/\/master-production.eu\/\"]}]},{\"@type\":\"BreadcrumbList\",\"@id\":\"https:\/\/master-production.eu\/#breadcrumb\",\"itemListElement\":[{\"@type\":\"ListItem\",\"position\":1,\"name\":\"Home\",\"item\":\"https:\/\/master-production.eu\/\"},{\"@type\":\"ListItem\",\"position\":2,\"name\":\"Prva stran\"}]},{\"@type\":\"WebSite\",\"@id\":\"https:\/\/master-production.eu\/#website\",\"url\":\"https:\/\/master-production.eu\/\",\"name\":\"Master Production d.o.o.\",\"description\":\"\",\"potentialAction\":[{\"@type\":\"SearchAction\",\"target\":{\"@type\":\"EntryPoint\",\"urlTemplate\":\"https:\/\/master-production.eu\/?s={search_term_string}\"},\"query-input\":{\"@type\":\"PropertyValueSpecification\",\"valueRequired\":true,\"valueName\":\"search_term_string\"}}],\"inLanguage\":\"en-US\"}]}<\/script>\n<!-- \/ Yoast SEO plugin. -->","yoast_head_json":{"title":"Master Production d.o.o. - Strojni sestavi, avtomatizacija, projektiranje","description":"Izdelava samostojnih strojev in sestavov, avtomatizacija, optimizacija, projektiranje in in\u017eeniring, tehni\u010dno svetovanje ter monta\u017ea in vzdr\u017eevanje.","robots":{"index":"index","follow":"follow","max-snippet":"max-snippet:-1","max-image-preview":"max-image-preview:large","max-video-preview":"max-video-preview:-1"},"canonical":"https:\/\/master-production.eu\/en\/","og_locale":"en_US","og_type":"article","og_title":"Master Production d.o.o. - Strojni sestavi, avtomatizacija, projektiranje","og_description":"Izdelava samostojnih strojev in sestavov, avtomatizacija, optimizacija, projektiranje in in\u017eeniring, tehni\u010dno svetovanje ter monta\u017ea in vzdr\u017eevanje.","og_url":"https:\/\/master-production.eu\/en\/","og_site_name":"Master Production d.o.o.","article_modified_time":"2023-01-31T18:37:57+00:00","twitter_card":"summary_large_image","twitter_misc":{"Est. reading time":"1 minute"},"schema":{"@context":"https:\/\/schema.org","@graph":[{"@type":"WebPage","@id":"https:\/\/master-production.eu\/","url":"https:\/\/master-production.eu\/","name":"Master Production d.o.o. - Strojni sestavi, avtomatizacija, projektiranje","isPartOf":{"@id":"https:\/\/master-production.eu\/#website"},"datePublished":"2019-05-21T14:58:58+00:00","dateModified":"2023-01-31T18:37:57+00:00","description":"Izdelava samostojnih strojev in sestavov, avtomatizacija, optimizacija, projektiranje in in\u017eeniring, tehni\u010dno svetovanje ter monta\u017ea in vzdr\u017eevanje.","breadcrumb":{"@id":"https:\/\/master-production.eu\/#breadcrumb"},"inLanguage":"en-US","potentialAction":[{"@type":"ReadAction","target":["https:\/\/master-production.eu\/"]}]},{"@type":"BreadcrumbList","@id":"https:\/\/master-production.eu\/#breadcrumb","itemListElement":[{"@type":"ListItem","position":1,"name":"Home","item":"https:\/\/master-production.eu\/"},{"@type":"ListItem","position":2,"name":"Prva stran"}]},{"@type":"WebSite","@id":"https:\/\/master-production.eu\/#website","url":"https:\/\/master-production.eu\/","name":"Master Production d.o.o.","description":"","potentialAction":[{"@type":"SearchAction","target":{"@type":"EntryPoint","urlTemplate":"https:\/\/master-production.eu\/?s={search_term_string}"},"query-input":{"@type":"PropertyValueSpecification","valueRequired":true,"valueName":"search_term_string"}}],"inLanguage":"en-US"}]}},"_links":{"self":[{"href":"https:\/\/master-production.eu\/en\/wp-json\/wp\/v2\/pages\/9","targetHints":{"allow":["GET"]}}],"collection":[{"href":"https:\/\/master-production.eu\/en\/wp-json\/wp\/v2\/pages"}],"about":[{"href":"https:\/\/master-production.eu\/en\/wp-json\/wp\/v2\/types\/page"}],"author":[{"embeddable":true,"href":"https:\/\/master-production.eu\/en\/wp-json\/wp\/v2\/users\/1"}],"replies":[{"embeddable":true,"href":"https:\/\/master-production.eu\/en\/wp-json\/wp\/v2\/comments?post=9"}],"version-history":[{"count":27,"href":"https:\/\/master-production.eu\/en\/wp-json\/wp\/v2\/pages\/9\/revisions"}],"predecessor-version":[{"id":581,"href":"https:\/\/master-production.eu\/en\/wp-json\/wp\/v2\/pages\/9\/revisions\/581"}],"wp:attachment":[{"href":"https:\/\/master-production.eu\/en\/wp-json\/wp\/v2\/media?parent=9"}],"curies":[{"name":"wp","href":"https:\/\/api.w.org\/{rel}","templated":true}]}}